{"id":7,"date":"2023-11-01T17:09:32","date_gmt":"2023-11-01T16:09:32","guid":{"rendered":"https:\/\/kt-case-arte.com\/index.php\/front_page\/"},"modified":"2024-01-04T10:48:47","modified_gmt":"2024-01-04T09:48:47","slug":"front_page-decoration_interieur-klaudia_tereszkiewicz-mobilier-decoration_picturale-methodes_et_materiaux_naturels-84-vaucluse-restauration-techniques_case_arte","status":"publish","type":"page","link":"https:\/\/kt-case-arte.com\/","title":{"rendered":"Accueil"},"content":{"rendered":"","protected":false},"excerpt":{"rendered":"","protected":false},"author":1,"featured_media":0,"parent":0,"menu_order":0,"comment_status":"closed","ping_status":"closed","template":"","meta":{"saved_in_kubio":true,"footnotes":""},"kubio_ai_page_context":{"short_desc":"","purpose":"general"},"yoast_head":"<!-- This site is optimized with the Yoast SEO plugin v21.7 - https:\/\/yoast.com\/wordpress\/plugins\/seo\/ -->\n<title>Case Arte - Klaudia Tereszkiewicz<\/title>\n<meta name=\"description\" content=\"Accueil Case Arte, Klaudia Tereszkiewicz, peintre en d\u00e9cor, restauration de mobiliers, d\u00e9coration int\u00e9rieur. 84 Vaucluse\" \/>\n<meta name=\"robots\" content=\"index, follow, max-snippet:-1, max-image-preview:large, max-video-preview:-1\" \/>\n<link rel=\"canonical\" href=\"https:\/\/kt-case-arte.com\/\" \/>\n<meta property=\"og:locale\" content=\"en_US\" \/>\n<meta property=\"og:type\" content=\"article\" \/>\n<meta property=\"og:title\" content=\"Case Arte - Klaudia Tereszkiewicz\" \/>\n<meta property=\"og:description\" content=\"Accueil Case Arte, Klaudia Tereszkiewicz, peintre en d\u00e9cor, restauration de mobiliers, d\u00e9coration int\u00e9rieur. 84 Vaucluse\" \/>\n<meta property=\"og:url\" content=\"https:\/\/kt-case-arte.com\/\" \/>\n<meta property=\"og:site_name\" content=\"Case arte\" \/>\n<meta property=\"article:publisher\" content=\"https:\/\/www.facebook.com\/profile.php?id=100073390455551\" \/>\n<meta property=\"article:modified_time\" content=\"2024-01-04T09:48:47+00:00\" \/>\n<meta name=\"twitter:card\" content=\"summary_large_image\" \/>\n<script type=\"application\/ld+json\" class=\"yoast-schema-graph\">{\"@context\":\"https:\/\/schema.org\",\"@graph\":[{\"@type\":\"WebPage\",\"@id\":\"https:\/\/kt-case-arte.com\/\",\"url\":\"https:\/\/kt-case-arte.com\/\",\"name\":\"Case Arte - Klaudia Tereszkiewicz\",\"isPartOf\":{\"@id\":\"https:\/\/kt-case-arte.com\/#website\"},\"datePublished\":\"2023-11-01T16:09:32+00:00\",\"dateModified\":\"2024-01-04T09:48:47+00:00\",\"description\":\"Accueil Case Arte, Klaudia Tereszkiewicz, peintre en d\u00e9cor, restauration de mobiliers, d\u00e9coration int\u00e9rieur. 84 Vaucluse\",\"breadcrumb\":{\"@id\":\"https:\/\/kt-case-arte.com\/#breadcrumb\"},\"inLanguage\":\"en-US\",\"potentialAction\":[{\"@type\":\"ReadAction\",\"target\":[\"https:\/\/kt-case-arte.com\/\"]}]},{\"@type\":\"BreadcrumbList\",\"@id\":\"https:\/\/kt-case-arte.com\/#breadcrumb\",\"itemListElement\":[{\"@type\":\"ListItem\",\"position\":1,\"name\":\"Accueil\",\"item\":\"https:\/\/kt-case-arte.com\/\"},{\"@type\":\"ListItem\",\"position\":2,\"name\":\"Accueil\"}]},{\"@type\":\"WebSite\",\"@id\":\"https:\/\/kt-case-arte.com\/#website\",\"url\":\"https:\/\/kt-case-arte.com\/\",\"name\":\"Case arte Klaudia Tereszkiewicz\",\"description\":\"Un site utilisant WordPress\",\"publisher\":{\"@id\":\"https:\/\/kt-case-arte.com\/#organization\"},\"potentialAction\":[{\"@type\":\"SearchAction\",\"target\":{\"@type\":\"EntryPoint\",\"urlTemplate\":\"https:\/\/kt-case-arte.com\/?s={search_term_string}\"},\"query-input\":\"required name=search_term_string\"}],\"inLanguage\":\"en-US\"},{\"@type\":\"Organization\",\"@id\":\"https:\/\/kt-case-arte.com\/#organization\",\"name\":\"Case arte Klaudia Tereszkiewicz\",\"url\":\"https:\/\/kt-case-arte.com\/\",\"logo\":{\"@type\":\"ImageObject\",\"inLanguage\":\"en-US\",\"@id\":\"https:\/\/kt-case-arte.com\/#\/schema\/logo\/image\/\",\"url\":\"https:\/\/kt-case-arte.com\/wp-content\/uploads\/2023\/12\/Logo-Camee-K-150.png\",\"contentUrl\":\"https:\/\/kt-case-arte.com\/wp-content\/uploads\/2023\/12\/Logo-Camee-K-150.png\",\"width\":1181,\"height\":875,\"caption\":\"Case arte Klaudia Tereszkiewicz\"},\"image\":{\"@id\":\"https:\/\/kt-case-arte.com\/#\/schema\/logo\/image\/\"},\"sameAs\":[\"https:\/\/www.facebook.com\/profile.php?id=100073390455551\",\"https:\/\/www.instagram.com\/kl.audia8869\/\"]}]}<\/script>\n<!-- \/ Yoast SEO plugin. -->","yoast_head_json":{"title":"Case Arte - Klaudia Tereszkiewicz","description":"Accueil Case Arte, Klaudia Tereszkiewicz, peintre en d\u00e9cor, restauration de mobiliers, d\u00e9coration int\u00e9rieur. 84 Vaucluse","robots":{"index":"index","follow":"follow","max-snippet":"max-snippet:-1","max-image-preview":"max-image-preview:large","max-video-preview":"max-video-preview:-1"},"canonical":"https:\/\/kt-case-arte.com\/","og_locale":"en_US","og_type":"article","og_title":"Case Arte - Klaudia Tereszkiewicz","og_description":"Accueil Case Arte, Klaudia Tereszkiewicz, peintre en d\u00e9cor, restauration de mobiliers, d\u00e9coration int\u00e9rieur. 84 Vaucluse","og_url":"https:\/\/kt-case-arte.com\/","og_site_name":"Case arte","article_publisher":"https:\/\/www.facebook.com\/profile.php?id=100073390455551","article_modified_time":"2024-01-04T09:48:47+00:00","twitter_card":"summary_large_image","schema":{"@context":"https:\/\/schema.org","@graph":[{"@type":"WebPage","@id":"https:\/\/kt-case-arte.com\/","url":"https:\/\/kt-case-arte.com\/","name":"Case Arte - Klaudia Tereszkiewicz","isPartOf":{"@id":"https:\/\/kt-case-arte.com\/#website"},"datePublished":"2023-11-01T16:09:32+00:00","dateModified":"2024-01-04T09:48:47+00:00","description":"Accueil Case Arte, Klaudia Tereszkiewicz, peintre en d\u00e9cor, restauration de mobiliers, d\u00e9coration int\u00e9rieur. 84 Vaucluse","breadcrumb":{"@id":"https:\/\/kt-case-arte.com\/#breadcrumb"},"inLanguage":"en-US","potentialAction":[{"@type":"ReadAction","target":["https:\/\/kt-case-arte.com\/"]}]},{"@type":"BreadcrumbList","@id":"https:\/\/kt-case-arte.com\/#breadcrumb","itemListElement":[{"@type":"ListItem","position":1,"name":"Accueil","item":"https:\/\/kt-case-arte.com\/"},{"@type":"ListItem","position":2,"name":"Accueil"}]},{"@type":"WebSite","@id":"https:\/\/kt-case-arte.com\/#website","url":"https:\/\/kt-case-arte.com\/","name":"Case arte Klaudia Tereszkiewicz","description":"Un site utilisant WordPress","publisher":{"@id":"https:\/\/kt-case-arte.com\/#organization"},"potentialAction":[{"@type":"SearchAction","target":{"@type":"EntryPoint","urlTemplate":"https:\/\/kt-case-arte.com\/?s={search_term_string}"},"query-input":"required name=search_term_string"}],"inLanguage":"en-US"},{"@type":"Organization","@id":"https:\/\/kt-case-arte.com\/#organization","name":"Case arte Klaudia Tereszkiewicz","url":"https:\/\/kt-case-arte.com\/","logo":{"@type":"ImageObject","inLanguage":"en-US","@id":"https:\/\/kt-case-arte.com\/#\/schema\/logo\/image\/","url":"https:\/\/kt-case-arte.com\/wp-content\/uploads\/2023\/12\/Logo-Camee-K-150.png","contentUrl":"https:\/\/kt-case-arte.com\/wp-content\/uploads\/2023\/12\/Logo-Camee-K-150.png","width":1181,"height":875,"caption":"Case arte Klaudia Tereszkiewicz"},"image":{"@id":"https:\/\/kt-case-arte.com\/#\/schema\/logo\/image\/"},"sameAs":["https:\/\/www.facebook.com\/profile.php?id=100073390455551","https:\/\/www.instagram.com\/kl.audia8869\/"]}]}},"_links":{"self":[{"href":"https:\/\/kt-case-arte.com\/index.php\/wp-json\/wp\/v2\/pages\/7"}],"collection":[{"href":"https:\/\/kt-case-arte.com\/index.php\/wp-json\/wp\/v2\/pages"}],"about":[{"href":"https:\/\/kt-case-arte.com\/index.php\/wp-json\/wp\/v2\/types\/page"}],"author":[{"embeddable":true,"href":"https:\/\/kt-case-arte.com\/index.php\/wp-json\/wp\/v2\/users\/1"}],"replies":[{"embeddable":true,"href":"https:\/\/kt-case-arte.com\/index.php\/wp-json\/wp\/v2\/comments?post=7"}],"version-history":[{"count":3,"href":"https:\/\/kt-case-arte.com\/index.php\/wp-json\/wp\/v2\/pages\/7\/revisions"}],"predecessor-version":[{"id":164,"href":"https:\/\/kt-case-arte.com\/index.php\/wp-json\/wp\/v2\/pages\/7\/revisions\/164"}],"wp:attachment":[{"href":"https:\/\/kt-case-arte.com\/index.php\/wp-json\/wp\/v2\/media?parent=7"}],"curies":[{"name":"wp","href":"https:\/\/api.w.org\/{rel}","templated":true}]}}